{"id":28,"date":"2016-09-17T12:37:25","date_gmt":"2016-09-17T12:37:25","guid":{"rendered":"http:\/\/baseline.packs.siteorigin.com\/?page_id=28"},"modified":"2023-10-17T09:29:06","modified_gmt":"2023-10-17T07:29:06","slug":"home-page","status":"publish","type":"page","link":"https:\/\/dorftreff-hagneck.ch\/wordpress\/","title":{"rendered":"Home Page"},"content":{"rendered":"<div id=\"pl-28\"  class=\"panel-layout\" ><div id=\"pg-28-0\"  class=\"panel-grid panel-has-style\" ><div class=\"siteorigin-panels-stretch panel-row-style panel-row-style-for-28-0\" data-stretch-type=\"full-stretched\" ><div id=\"pgc-28-0-0\"  class=\"panel-grid-cell\" ><div id=\"panel-28-0-0-0\" class=\"so-panel widget widget_sow-hero panel-first-child panel-last-child\" data-index=\"0\" ><div\n\t\t\t\n\t\t\tclass=\"so-widget-sow-hero so-widget-sow-hero-default-699596fcd820-28 so-widget-fittext-wrapper\"\n\t\t\t data-fit-text-compressor=\"0.85\"\n\t\t>\t\t\t\t<div class=\"sow-slider-base\" style=\"display: none\" tabindex=\"0\">\n\t\t\t\t\t<ul\n\t\t\t\t\tclass=\"sow-slider-images\"\n\t\t\t\t\tdata-settings=\"{&quot;pagination&quot;:true,&quot;speed&quot;:800,&quot;timeout&quot;:8000,&quot;paused&quot;:false,&quot;pause_on_hover&quot;:false,&quot;swipe&quot;:true,&quot;nav_always_show_desktop&quot;:&quot;&quot;,&quot;nav_always_show_mobile&quot;:&quot;&quot;,&quot;breakpoint&quot;:&quot;780px&quot;,&quot;unmute&quot;:false,&quot;anchor&quot;:null}\"\n\t\t\t\t\t\t\t\t\t\tdata-anchor-id=\"\"\n\t\t\t\t>\t\t<li class=\"sow-slider-image  sow-slider-image-cover\" style=\"visibility: visible;;background-color: #2d2d2d\" >\n\t\t\t\t\t<div class=\"sow-slider-image-container\">\n\t\t\t<div class=\"sow-slider-image-wrapper\">\n\t\t\t\t<h1 style=\"text-align: center\"><span style=\"color: #ffffff\"><strong>Willkommen beim Dorftreff Hagneck<\/strong><\/span><\/h1>\n<p style=\"text-align: center\">\n<\/p>\t\t\t<\/div>\n\t\t<\/div>\n\t\t<div class=\"sow-slider-image-overlay sow-slider-image-cover\" style=\"opacity: 0.6;background-image: url(https:\/\/dorftreff-hagneck.ch\/wordpress\/wp-content\/uploads\/2016\/09\/Flohm\u00e4rit-Platzhalter-Bilder.jpg)\"  ><\/div>\t\t<\/li>\n\t\t\t\t<li class=\"sow-slider-image  sow-slider-image-cover\" style=\"visibility: hidden;;background-color: #2d2d2d\" >\n\t\t\t\t\t<div class=\"sow-slider-image-container\">\n\t\t\t<div class=\"sow-slider-image-wrapper\">\n\t\t\t\t<h1 style=\"text-align: center\"><span style=\"color: #ffffff\"><strong>Januarloch Party<\/strong><\/span><\/h1>\n<p style=\"text-align: center\"><span style=\"color: #ffffff\">Party mit guter Musik und erschwinglichen Preisen<\/span><\/p>\t\t\t<\/div>\n\t\t<\/div>\n\t\t<div class=\"sow-slider-image-overlay sow-slider-image-cover\" style=\"opacity: 0.6\" data-background=\"url(https:\/\/dorftreff-hagneck.ch\/wordpress\/wp-content\/uploads\/2023\/09\/20230121_192634-scaled.jpg)\"  ><\/div>\t\t<\/li>\n\t\t\t\t<li class=\"sow-slider-image  sow-slider-image-cover\" style=\"visibility: hidden;;background-color: #2d2d2d\" >\n\t\t\t\t\t<div class=\"sow-slider-image-container\">\n\t\t\t<div class=\"sow-slider-image-wrapper\">\n\t\t\t\t<h1 style=\"text-align: center\"><span style=\"color: #ffffff\"><strong>Der Flohm\u00e4rit<\/strong><\/span><\/h1>\n<p style=\"text-align: center\"><span style=\"color: #ffffff\">Unser Hauptanlass<\/span><\/p>\n\t\t\t<\/div>\n\t\t<\/div>\n\t\t<div class=\"sow-slider-image-overlay sow-slider-image-cover\" style=\"opacity: 0.6\" data-background=\"url(https:\/\/dorftreff-hagneck.ch\/wordpress\/wp-content\/uploads\/2023\/09\/20230422_112134-scaled.jpg)\"  ><\/div>\t\t<\/li>\n\t\t\t\t<li class=\"sow-slider-image  sow-slider-image-cover\" style=\"visibility: hidden;;background-color: #2d2d2d\" >\n\t\t\t\t\t<div class=\"sow-slider-image-container\">\n\t\t\t<div class=\"sow-slider-image-wrapper\">\n\t\t\t\t<h1 style=\"text-align: center\"><span style=\"color: #ffffff\"><strong>Fondueplausch<\/strong><\/span><\/h1>\n<p style=\"text-align: center\"><span style=\"color: #ffffff\">Jeweils anfangs November<\/span><\/p>\t\t\t<\/div>\n\t\t<\/div>\n\t\t<div class=\"sow-slider-image-overlay sow-slider-image-cover\" style=\"opacity: 0.6\" data-background=\"url(https:\/\/dorftreff-hagneck.ch\/wordpress\/wp-content\/uploads\/2023\/09\/20221105_190608-scaled.jpg)\"  ><\/div>\t\t<\/li>\n\t\t\t\t<li class=\"sow-slider-image  sow-slider-image-cover\" style=\"visibility: hidden;;background-color: #2d2d2d\" >\n\t\t\t\t\t<div class=\"sow-slider-image-container\">\n\t\t\t<div class=\"sow-slider-image-wrapper\">\n\t\t\t\t<h1 style=\"text-align: center\"><span style=\"color: #ffffff\"><strong>Chlouser<\/strong><\/span><\/h1>\n<p style=\"text-align: center\"><span style=\"color: #ffffff\">Der Anlass f\u00fcr die kleinen im Dorf<\/span><\/p>\t\t\t<\/div>\n\t\t<\/div>\n\t\t<div class=\"sow-slider-image-overlay sow-slider-image-cover\" style=\"opacity: 0.6\" data-background=\"url(https:\/\/dorftreff-hagneck.ch\/wordpress\/wp-content\/uploads\/2023\/09\/IMG-20221206-WA0017.jpg)\"  ><\/div>\t\t<\/li>\n\t\t<\/ul>\t\t\t\t<ol class=\"sow-slider-pagination\">\n\t\t\t\t\t\t\t\t\t\t\t<li><a href=\"#\" data-goto=\"0\" aria-label=\"display slide 1\"><\/a><\/li>\n\t\t\t\t\t\t\t\t\t\t\t<li><a href=\"#\" data-goto=\"1\" aria-label=\"display slide 2\"><\/a><\/li>\n\t\t\t\t\t\t\t\t\t\t\t<li><a href=\"#\" data-goto=\"2\" aria-label=\"display slide 3\"><\/a><\/li>\n\t\t\t\t\t\t\t\t\t\t\t<li><a href=\"#\" data-goto=\"3\" aria-label=\"display slide 4\"><\/a><\/li>\n\t\t\t\t\t\t\t\t\t\t\t<li><a href=\"#\" data-goto=\"4\" aria-label=\"display slide 5\"><\/a><\/li>\n\t\t\t\t\t\t\t\t\t<\/ol>\n\n\t\t\t\t<div class=\"sow-slide-nav sow-slide-nav-next\">\n\t\t\t\t\t<a href=\"#\" data-goto=\"next\" aria-label=\"next slide\" data-action=\"next\">\n\t\t\t\t\t\t<em class=\"sow-sld-icon-thin-right\"><\/em>\n\t\t\t\t\t<\/a>\n\t\t\t\t<\/div>\n\n\t\t\t\t<div class=\"sow-slide-nav sow-slide-nav-prev\">\n\t\t\t\t\t<a href=\"#\" data-goto=\"previous\" aria-label=\"previous slide\" data-action=\"prev\">\n\t\t\t\t\t\t<em class=\"sow-sld-icon-thin-left\"><\/em>\n\t\t\t\t\t<\/a>\n\t\t\t\t<\/div>\n\t\t\t\t<\/div><\/div><\/div><\/div><\/div><\/div><div id=\"pg-28-1\"  class=\"panel-grid panel-no-style\" ><div id=\"pgc-28-1-0\"  class=\"panel-grid-cell\" ><div id=\"panel-28-1-0-0\" class=\"so-panel widget widget_sow-editor panel-first-child panel-last-child\" data-index=\"1\" ><div\n\t\t\t\n\t\t\tclass=\"so-widget-sow-editor so-widget-sow-editor-base\"\n\t\t\t\n\t\t>\n<div class=\"siteorigin-widget-tinymce textwidget\">\n\t<h3 style=\"text-align: left;\">Der Verein<\/h3>\n<p style=\"text-align: left;\">Der Doftreff in Hagneck ist der unabh\u00e4ngige Verein f\u00fcr alle.<br \/>Der Dorftreff organisiert Anl\u00e4sse f\u00fcr alle. Ob alt oder jung gross oder klein. Wenn du etwas erleben willst, mach mit und werde Mitglied im Verein.<br \/>Es ist uns ein Anliegen, das Zusammenleben der Dorfgemeinschaft zu f\u00f6rdern.<\/p>\n<p>Der Vorstand, Dorftreff Hagneck<\/p>\n<\/div>\n<\/div><\/div><\/div><\/div><div id=\"pg-28-2\"  class=\"panel-grid panel-has-style\" ><div class=\"siteorigin-panels-stretch panel-row-style panel-row-style-for-28-2\" data-stretch-type=\"full\" ><div id=\"pgc-28-2-0\"  class=\"panel-grid-cell\" ><div id=\"panel-28-2-0-0\" class=\"so-panel widget widget_blog-style-one panel-first-child panel-last-child\" data-index=\"2\" ><div\n\t\t\t\n\t\t\tclass=\"so-widget-blog-style-one so-widget-blog-style-one-blog-style-one-style-5d69e0eb793f-28\"\n\t\t\t\n\t\t>\r\n    <h3 class=\"widget-title\">\r\n        <span>Aktuelles<\/span>\r\n    <\/h3>\r\n\r\n<div class=\"blog_list_main\">\r\n\r\n\r\n    <div class=\"blog_one_style clearfix twelve columns\">\r\n\r\n         <div class=\"four columns image alpha\">\r\n\r\n         \r\n                         <a href=\"https:\/\/dorftreff-hagneck.ch\/wordpress\/2026\/02\/22\/21-flohmaerit-in-hagneck-anmeldeinformation-copy\/\"> <img loading=\"lazy\" decoding=\"async\" width=\"394\" height=\"557\" src=\"https:\/\/dorftreff-hagneck.ch\/wordpress\/wp-content\/uploads\/2026\/02\/FlohmiFront26.png\" class=\"attachment-post-thumbnail size-post-thumbnail wp-post-image\" alt=\"\" srcset=\"https:\/\/dorftreff-hagneck.ch\/wordpress\/wp-content\/uploads\/2026\/02\/FlohmiFront26.png 394w, https:\/\/dorftreff-hagneck.ch\/wordpress\/wp-content\/uploads\/2026\/02\/FlohmiFront26-212x300.png 212w\" sizes=\"(max-width: 394px) 100vw, 394px\" \/> <\/a>\r\n             \r\n         \r\n         <\/div>\r\n\r\n        <div class=\"eight columns content\">\r\n\r\n                <h4><a href=\"https:\/\/dorftreff-hagneck.ch\/wordpress\/2026\/02\/22\/21-flohmaerit-in-hagneck-anmeldeinformation-copy\/\">22. Flohm\u00e4rit in Hagneck (Anmeldeinformation)<\/a><\/h4>\r\n            \r\n\r\n        Liebe Flohm\u00e4rit-Liebhaber Am Samstag, 02. Mai 2026 zwischen 10:00 Uhr und 16:00 Uhr, findet der 22. Dorftreff Flohm\u00e4rit statt! \u27a2 Wer einen Stand reservieren<a href=\"https:\/\/dorftreff-hagneck.ch\/wordpress\/2026\/02\/22\/21-flohmaerit-in-hagneck-anmeldeinformation-copy\/\">...<\/a>\r\n        <\/div>\r\n\r\n        <div class=\"clearfix\"><\/div>\r\n\r\n        <div class=\"meta twelve columns clearfix\">\r\n            <div class=\"left-style\">\r\n            By Ralph | 22. Februar 2026 | <a href=\"https:\/\/dorftreff-hagneck.ch\/wordpress\/category\/anlass\/\" rel=\"category tag\">Anlass<\/a>            <\/div>\r\n            <div class=\"right-style\">\r\n            <a href=\"https:\/\/dorftreff-hagneck.ch\/wordpress\/2026\/02\/22\/21-flohmaerit-in-hagneck-anmeldeinformation-copy\/\">weiter lesen... <\/a>\r\n            <\/div>\r\n        <\/div>\r\n    <\/div>\r\n\r\n\r\n\r\n\r\n\r\n    <div class=\"blog_one_style clearfix twelve columns\">\r\n\r\n         <div class=\"four columns image alpha\">\r\n\r\n         \r\n                         <a href=\"https:\/\/dorftreff-hagneck.ch\/wordpress\/2026\/01\/20\/januarloch-party-2026\/\"> <img loading=\"lazy\" decoding=\"async\" width=\"460\" height=\"650\" src=\"https:\/\/dorftreff-hagneck.ch\/wordpress\/wp-content\/uploads\/2026\/01\/FlyerJLP2026-460x650.jpeg\" class=\"attachment-post-thumbnail size-post-thumbnail wp-post-image\" alt=\"\" srcset=\"https:\/\/dorftreff-hagneck.ch\/wordpress\/wp-content\/uploads\/2026\/01\/FlyerJLP2026-460x650.jpeg 460w, https:\/\/dorftreff-hagneck.ch\/wordpress\/wp-content\/uploads\/2026\/01\/FlyerJLP2026-212x300.jpeg 212w, https:\/\/dorftreff-hagneck.ch\/wordpress\/wp-content\/uploads\/2026\/01\/FlyerJLP2026-724x1024.jpeg 724w, https:\/\/dorftreff-hagneck.ch\/wordpress\/wp-content\/uploads\/2026\/01\/FlyerJLP2026-768x1086.jpeg 768w, https:\/\/dorftreff-hagneck.ch\/wordpress\/wp-content\/uploads\/2026\/01\/FlyerJLP2026-600x849.jpeg 600w, https:\/\/dorftreff-hagneck.ch\/wordpress\/wp-content\/uploads\/2026\/01\/FlyerJLP2026-1086x1536.jpeg 1086w, https:\/\/dorftreff-hagneck.ch\/wordpress\/wp-content\/uploads\/2026\/01\/FlyerJLP2026.jpeg 1414w\" sizes=\"(max-width: 460px) 100vw, 460px\" \/> <\/a>\r\n             \r\n         \r\n         <\/div>\r\n\r\n        <div class=\"eight columns content\">\r\n\r\n                <h4><a href=\"https:\/\/dorftreff-hagneck.ch\/wordpress\/2026\/01\/20\/januarloch-party-2026\/\">Januarloch Party 2026<\/a><\/h4>\r\n            \r\n\r\n        <a href=\"https:\/\/dorftreff-hagneck.ch\/wordpress\/2026\/01\/20\/januarloch-party-2026\/\">...<\/a>\r\n        <\/div>\r\n\r\n        <div class=\"clearfix\"><\/div>\r\n\r\n        <div class=\"meta twelve columns clearfix\">\r\n            <div class=\"left-style\">\r\n            By Ralph | 20. Januar 2026 | <a href=\"https:\/\/dorftreff-hagneck.ch\/wordpress\/category\/anlass\/\" rel=\"category tag\">Anlass<\/a>            <\/div>\r\n            <div class=\"right-style\">\r\n            <a href=\"https:\/\/dorftreff-hagneck.ch\/wordpress\/2026\/01\/20\/januarloch-party-2026\/\">weiter lesen... <\/a>\r\n            <\/div>\r\n        <\/div>\r\n    <\/div>\r\n\r\n\r\n\r\n\r\n\r\n    <div class=\"blog_one_style clearfix twelve columns\">\r\n\r\n         <div class=\"four columns image alpha\">\r\n\r\n         \r\n         <\/div>\r\n\r\n        <div class=\"eight columns content\">\r\n\r\n                <h4><a href=\"https:\/\/dorftreff-hagneck.ch\/wordpress\/2025\/10\/23\/fondueplausch-2025\/\">Fondueplausch 2025<\/a><\/h4>\r\n            \r\n\r\n        <a href=\"https:\/\/dorftreff-hagneck.ch\/wordpress\/2025\/10\/23\/fondueplausch-2025\/\">...<\/a>\r\n        <\/div>\r\n\r\n        <div class=\"clearfix\"><\/div>\r\n\r\n        <div class=\"meta twelve columns clearfix\">\r\n            <div class=\"left-style\">\r\n            By Ralph | 23. Oktober 2025 | <a href=\"https:\/\/dorftreff-hagneck.ch\/wordpress\/category\/anlass\/\" rel=\"category tag\">Anlass<\/a>            <\/div>\r\n            <div class=\"right-style\">\r\n            <a href=\"https:\/\/dorftreff-hagneck.ch\/wordpress\/2025\/10\/23\/fondueplausch-2025\/\">weiter lesen... <\/a>\r\n            <\/div>\r\n        <\/div>\r\n    <\/div>\r\n\r\n\r\n\r\n\r\n\r\n    <div class=\"blog_one_style clearfix twelve columns\">\r\n\r\n         <div class=\"four columns image alpha\">\r\n\r\n         \r\n                         <a href=\"https:\/\/dorftreff-hagneck.ch\/wordpress\/2025\/05\/05\/offene-gaerten-2025\/\"> <img loading=\"lazy\" decoding=\"async\" width=\"550\" height=\"547\" src=\"https:\/\/dorftreff-hagneck.ch\/wordpress\/wp-content\/uploads\/2018\/06\/offeneSt\u00fchle.jpg\" class=\"attachment-post-thumbnail size-post-thumbnail wp-post-image\" alt=\"\" srcset=\"https:\/\/dorftreff-hagneck.ch\/wordpress\/wp-content\/uploads\/2018\/06\/offeneSt\u00fchle.jpg 550w, https:\/\/dorftreff-hagneck.ch\/wordpress\/wp-content\/uploads\/2018\/06\/offeneSt\u00fchle-150x150.jpg 150w, https:\/\/dorftreff-hagneck.ch\/wordpress\/wp-content\/uploads\/2018\/06\/offeneSt\u00fchle-300x298.jpg 300w\" sizes=\"(max-width: 550px) 100vw, 550px\" \/> <\/a>\r\n             \r\n         \r\n         <\/div>\r\n\r\n        <div class=\"eight columns content\">\r\n\r\n                <h4><a href=\"https:\/\/dorftreff-hagneck.ch\/wordpress\/2025\/05\/05\/offene-gaerten-2025\/\">Offene G\u00e4rten 2025<\/a><\/h4>\r\n            \r\n\r\n        Gemeinsam einen lauen Sommerabend bei angeregten Gespr\u00e4chen verbringen, ein k\u00fchles Glas Wein trinken, sich treffen oder gar jemand Neues kennenlernen\u2026 Das kann man an<a href=\"https:\/\/dorftreff-hagneck.ch\/wordpress\/2025\/05\/05\/offene-gaerten-2025\/\">...<\/a>\r\n        <\/div>\r\n\r\n        <div class=\"clearfix\"><\/div>\r\n\r\n        <div class=\"meta twelve columns clearfix\">\r\n            <div class=\"left-style\">\r\n            By Ralph | 5. Mai 2025 | <a href=\"https:\/\/dorftreff-hagneck.ch\/wordpress\/category\/anlass\/\" rel=\"category tag\">Anlass<\/a>            <\/div>\r\n            <div class=\"right-style\">\r\n            <a href=\"https:\/\/dorftreff-hagneck.ch\/wordpress\/2025\/05\/05\/offene-gaerten-2025\/\">weiter lesen... <\/a>\r\n            <\/div>\r\n        <\/div>\r\n    <\/div>\r\n\r\n\r\n\r\n\r\n\r\n    <div class=\"blog_one_style clearfix twelve columns\">\r\n\r\n         <div class=\"four columns image alpha\">\r\n\r\n         \r\n                         <a href=\"https:\/\/dorftreff-hagneck.ch\/wordpress\/2025\/05\/01\/21-flohmaerit-in-hagneck\/\"> <img loading=\"lazy\" decoding=\"async\" width=\"459\" height=\"650\" src=\"https:\/\/dorftreff-hagneck.ch\/wordpress\/wp-content\/uploads\/2025\/05\/FlyerFlohmi-459x650.png\" class=\"attachment-post-thumbnail size-post-thumbnail wp-post-image\" alt=\"\" srcset=\"https:\/\/dorftreff-hagneck.ch\/wordpress\/wp-content\/uploads\/2025\/05\/FlyerFlohmi-459x650.png 459w, https:\/\/dorftreff-hagneck.ch\/wordpress\/wp-content\/uploads\/2025\/05\/FlyerFlohmi-212x300.png 212w, https:\/\/dorftreff-hagneck.ch\/wordpress\/wp-content\/uploads\/2025\/05\/FlyerFlohmi-723x1024.png 723w, https:\/\/dorftreff-hagneck.ch\/wordpress\/wp-content\/uploads\/2025\/05\/FlyerFlohmi-768x1088.png 768w, https:\/\/dorftreff-hagneck.ch\/wordpress\/wp-content\/uploads\/2025\/05\/FlyerFlohmi-600x850.png 600w, https:\/\/dorftreff-hagneck.ch\/wordpress\/wp-content\/uploads\/2025\/05\/FlyerFlohmi.png 891w\" sizes=\"(max-width: 459px) 100vw, 459px\" \/> <\/a>\r\n             \r\n         \r\n         <\/div>\r\n\r\n        <div class=\"eight columns content\">\r\n\r\n                <h4><a href=\"https:\/\/dorftreff-hagneck.ch\/wordpress\/2025\/05\/01\/21-flohmaerit-in-hagneck\/\">21. Flohm\u00e4rit in Hagneck<\/a><\/h4>\r\n            \r\n\r\n        <a href=\"https:\/\/dorftreff-hagneck.ch\/wordpress\/2025\/05\/01\/21-flohmaerit-in-hagneck\/\">...<\/a>\r\n        <\/div>\r\n\r\n        <div class=\"clearfix\"><\/div>\r\n\r\n        <div class=\"meta twelve columns clearfix\">\r\n            <div class=\"left-style\">\r\n            By Ralph | 1. Mai 2025 | <a href=\"https:\/\/dorftreff-hagneck.ch\/wordpress\/category\/anlass\/\" rel=\"category tag\">Anlass<\/a>            <\/div>\r\n            <div class=\"right-style\">\r\n            <a href=\"https:\/\/dorftreff-hagneck.ch\/wordpress\/2025\/05\/01\/21-flohmaerit-in-hagneck\/\">weiter lesen... <\/a>\r\n            <\/div>\r\n        <\/div>\r\n    <\/div>\r\n\r\n\r\n\r\n<\/div>\r\n<\/div><\/div><\/div><div id=\"pgc-28-2-1\"  class=\"panel-grid-cell\" ><div id=\"panel-28-2-1-0\" class=\"so-panel widget widget_ai1ec_agenda_widget panel-first-child panel-last-child\" data-index=\"3\" >\n\n\t<h3 class=\"widget-title\">Bevorstehende Veranstaltungen<\/h3>\n\n<style>\n<!--\n\n-->\n<\/style>\n<div class=\"timely ai1ec-agenda-widget-view ai1ec-clearfix\">\n\n\t\t\t<div>\n\t\t\t\t\t\t\t\t\t\t\t\t\t<div class=\"ai1ec-date\n\t\t\t\t\t\">\n\t\t\t\t\t<a class=\"ai1ec-date-title ai1ec-load-view\"\n\t\t\t\t\t\thref=\"https&#x3A;&#x2F;&#x2F;dorftreff-hagneck.ch&#x2F;wordpress&#x2F;veranstaltungen&#x2F;action&#x7E;oneday&#x2F;exact_date&#x7E;2-5-2026&#x2F;\">\n\t\t\t\t\t\t<div class=\"ai1ec-month\">Mai<\/div>\n\t\t\t\t\t\t<div class=\"ai1ec-day\">2<\/div>\n\t\t\t\t\t\t<div class=\"ai1ec-weekday\">Sa.<\/div>\n\t\t\t\t\t\t\t\t\t\t\t\t\t<div class=\"ai1ec-year\">2026<\/div>\n\t\t\t\t\t\t\t\t\t\t\t<\/a>\n\t\t\t\t\t<div class=\"ai1ec-date-events\">\n\t\t\t\t\t\t\t\t\t\t\t\t\t \t\t\t\t\t\t\t\t\t\t\t\t\t\t\t\t\t\t\t\t\t<div class=\"ai1ec-event\n\t\t\t\t\t\t\t\t\tai1ec-event-id-763\n\t\t\t\t\t\t\t\t\tai1ec-event-instance-id-149\n\t\t\t\t\t\t\t\t\t\">\n\n\t\t\t\t\t\t\t\t\t<a href=\"https&#x3A;&#x2F;&#x2F;dorftreff-hagneck.ch&#x2F;wordpress&#x2F;Veranstaltung&#x2F;22-flohmaerit-in-hagneck&#x2F;&#x3F;instance_id&#x3D;149\"\n\t\t\t\t\t\t\t\t\t\tclass=\"ai1ec-popup-trigger ai1ec-load-event\">\n\t\t\t\t\t\t\t\t\t\t\t\t\t\t\t\t\t\t\t\t\t<span class=\"ai1ec-event-time\">\n\t\t\t\t\t\t\t\t\t\t\t\t10:00\n\t\t\t\t\t\t\t\t\t\t\t<\/span>\n\t\t\t\t\t\t\t\t\t\t\n\t\t\t\t\t\t\t\t\t\t<span class=\"ai1ec-event-title\">\n\t\t\t\t\t\t\t\t\t\t\t22. Flohm&auml;rit in Hagneck\n\t\t\t\t\t\t\t\t\t\t\t\t\t\t\t\t\t\t\t\t\t\t\t<span class=\"ai1ec-event-location\"\n\t\t\t\t\t\t\t\t\t\t\t\t\t>@ Beim Gemeindehaus und der Halle der Automobile Marti AG<\/span>\n\t\t\t\t\t\t\t\t\t\t\t\t\t\t\t\t\t\t\t\t\t<\/span>\n\t\t\t\t\t\t\t\t\t<\/a>\n\n\t\t\t\t\t\t\t\t\t<div class=\"ai1ec-popover ai1ec-popup \n\tai1ec-event-instance-id-149\">\n\n\t\t\n\t<span class=\"ai1ec-popup-title\">\n\t\t<a href=\"https&#x3A;&#x2F;&#x2F;dorftreff-hagneck.ch&#x2F;wordpress&#x2F;Veranstaltung&#x2F;22-flohmaerit-in-hagneck&#x2F;&#x3F;instance_id&#x3D;149\"\n\t\t   class=\"ai1ec-load-event\"\n\t\t\t>22. Flohm&auml;rit in Hagneck<\/a>\n\t\t\t\t\t<span class=\"ai1ec-event-location\"\n\t\t\t\t>@ Beim Gemeindehaus und der Halle der Automobile Marti AG<\/span>\n\t\t\t\t\t<\/span>\n\n\t\n\t<div class=\"ai1ec-event-time\">\n\t\t\t\t\tMai 2 um 10:00 \u2013 16:00\n\t\t\t<\/div>\n\n\t\n\t\t\t<div class=\"ai1ec-popup-excerpt\">&nbsp;<\/div>\n\t\n<\/div>\n\n\t\t\t\t\t\t\t\t<\/div>\n\t\t\t\t\t\t\t \t\t\t\t\t\t \t\t\t\t\t<\/div>\n\t\t\t\t<\/div>\n\t\t\t \t\t<\/div>\n\t \n\t\t\t<div class=\"ai1ec-subscribe-buttons-widget\">\n\t\t\t\t\t\t\t<a class=\"ai1ec-btn ai1ec-btn-default ai1ec-btn-xs ai1ec-pull-right\n\t\t\t\t\tai1ec-calendar-link\"\n\t\t\t\t\thref=\"https&#x3A;&#x2F;&#x2F;dorftreff-hagneck.ch&#x2F;wordpress&#x2F;veranstaltungen&#x2F;\">\n\t\t\t\t\tKalender anzeigen\n\t\t\t\t\t<i class=\"ai1ec-fa ai1ec-fa-arrow-right\"><\/i>\n\t\t\t\t<\/a>\n\t\t\t\n\t\t\t\t\t<\/div>\n\t \n<\/div>\n\n\n\n<\/div><\/div><\/div><\/div><\/div>","protected":false},"excerpt":{"rendered":"<p>Der Verein Der Doftreff in Hagneck ist der unabh\u00e4ngige Verein f\u00fcr alle.Der Dorftreff organisiert Anl\u00e4sse f\u00fcr alle. Ob alt oder jung gross oder klein. Wenn du etwas erleben willst, mach mit und werde Mitglied im Verein.Es ist uns ein Anliegen, das Zusammenleben der Dorfgemeinschaft zu f\u00f6rdern. Der Vorstand, Dorftreff Hagneck<\/p>\n","protected":false},"author":1,"featured_media":0,"parent":0,"menu_order":0,"comment_status":"closed","ping_status":"closed","template":"","meta":{"jetpack_post_was_ever_published":false,"footnotes":""},"class_list":["post-28","page","type-page","status-publish","hentry","post"],"jetpack_sharing_enabled":true,"jetpack_shortlink":"https:\/\/wp.me\/P86b7Z-s","_links":{"self":[{"href":"https:\/\/dorftreff-hagneck.ch\/wordpress\/wp-json\/wp\/v2\/pages\/28"}],"collection":[{"href":"https:\/\/dorftreff-hagneck.ch\/wordpress\/wp-json\/wp\/v2\/pages"}],"about":[{"href":"https:\/\/dorftreff-hagneck.ch\/wordpress\/wp-json\/wp\/v2\/types\/page"}],"author":[{"embeddable":true,"href":"https:\/\/dorftreff-hagneck.ch\/wordpress\/wp-json\/wp\/v2\/users\/1"}],"replies":[{"embeddable":true,"href":"https:\/\/dorftreff-hagneck.ch\/wordpress\/wp-json\/wp\/v2\/comments?post=28"}],"version-history":[{"count":13,"href":"https:\/\/dorftreff-hagneck.ch\/wordpress\/wp-json\/wp\/v2\/pages\/28\/revisions"}],"predecessor-version":[{"id":605,"href":"https:\/\/dorftreff-hagneck.ch\/wordpress\/wp-json\/wp\/v2\/pages\/28\/revisions\/605"}],"wp:attachment":[{"href":"https:\/\/dorftreff-hagneck.ch\/wordpress\/wp-json\/wp\/v2\/media?parent=28"}],"curies":[{"name":"wp","href":"https:\/\/api.w.org\/{rel}","templated":true}]}}