{"id":35,"date":"2016-09-17T13:00:29","date_gmt":"2016-09-17T13:00:29","guid":{"rendered":"http:\/\/baseline.packs.siteorigin.com\/?page_id=35"},"modified":"2024-03-27T10:02:37","modified_gmt":"2024-03-27T09:02:37","slug":"vorstand","status":"publish","type":"page","link":"https:\/\/dorftreff-hagneck.ch\/wordpress\/vorstand\/","title":{"rendered":"Vorstand"},"content":{"rendered":"<div id=\"pl-35\"  class=\"panel-layout\" ><div id=\"pg-35-0\"  class=\"panel-grid panel-has-style\" ><div class=\"siteorigin-panels-stretch panel-row-style panel-row-style-for-35-0\" data-stretch-type=\"full-stretched\" ><div id=\"pgc-35-0-0\"  class=\"panel-grid-cell\" ><div id=\"panel-35-0-0-0\" class=\"so-panel widget widget_sow-layout-slider panel-first-child panel-last-child\" data-index=\"0\" ><div\n\t\t\t\n\t\t\tclass=\"so-widget-sow-layout-slider so-widget-sow-layout-slider-default-e3753ca5a34a-35\"\n\t\t\t\n\t\t>\t\t\t\t<div class=\"sow-slider-base\" style=\"display: none\" tabindex=\"0\">\n\t\t\t\t\t<ul\n\t\t\t\t\tclass=\"sow-slider-images\"\n\t\t\t\t\tdata-settings=\"{&quot;pagination&quot;:true,&quot;speed&quot;:800,&quot;timeout&quot;:8000,&quot;paused&quot;:false,&quot;pause_on_hover&quot;:false,&quot;swipe&quot;:true,&quot;nav_always_show_desktop&quot;:&quot;&quot;,&quot;nav_always_show_mobile&quot;:&quot;&quot;,&quot;breakpoint&quot;:&quot;780px&quot;,&quot;unmute&quot;:false,&quot;anchor&quot;:null}\"\n\t\t\t\t\t\t\t\t\t\tdata-anchor-id=\"\"\n\t\t\t\t>\t\t<li class=\"sow-slider-image  sow-slider-image-cover\" style=\"visibility: visible;;background-color: #adadad\" >\n\t\t\t\t\t<div class=\"sow-slider-image-container\">\n\t\t\t<div class=\"sow-slider-image-wrapper\">\n\t\t\t\t<div id=\"pl-w5ec20d2c\"  class=\"panel-layout\" ><div id=\"pg-w5ec20d2c-0\"  class=\"panel-grid panel-no-style\" ><div id=\"pgc-w5ec20d2c-0-0\"  class=\"panel-grid-cell panel-grid-cell-empty\" ><\/div><div id=\"pgc-w5ec20d2c-0-1\"  class=\"panel-grid-cell\" ><div id=\"panel-w5ec20d2c-0-1-0\" class=\"so-panel widget widget_sow-editor panel-first-child panel-last-child\" data-index=\"0\" ><div\n\t\t\t\n\t\t\tclass=\"so-widget-sow-editor so-widget-sow-editor-base\"\n\t\t\t\n\t\t>\n<div class=\"siteorigin-widget-tinymce textwidget\">\n\t<h1>DER VORSTAND<\/h1>\n<p>\u00a0<\/p>\n<\/div>\n<\/div><\/div><\/div><div id=\"pgc-w5ec20d2c-0-2\"  class=\"panel-grid-cell\" ><div id=\"panel-w5ec20d2c-0-2-0\" class=\"so-panel widget widget_sow-icon panel-first-child panel-last-child\" data-index=\"1\" ><div class=\"panel-widget-style panel-widget-style-for-w5ec20d2c-0-2-0\" ><div\n\t\t\t\n\t\t\tclass=\"so-widget-sow-icon so-widget-sow-icon-default-574f1e02599a\"\n\t\t\t\n\t\t>\n<div class=\"sow-icon-container sow-icon\">\n\t\t\t<span class=\"sow-icon-ionicons\" data-sow-icon=\"&#xf2d9;\"\n\t\t \n\t\taria-hidden=\"true\"><\/span>\t<\/div>\n<\/div><\/div><\/div><\/div><\/div><\/div>\t\t\t<\/div>\n\t\t<\/div>\n\t\t<div class=\"sow-slider-image-overlay sow-slider-image-cover\" style=\"opacity: 0.3;background-image: url(https:\/\/dorftreff-hagneck.ch\/wordpress\/wp-content\/uploads\/2016\/09\/Flohm\u00e4rit-Platzhalter-Bilder.jpg)\"  ><\/div>\t\t<\/li>\n\t\t<\/ul>\t\t\t\t<ol class=\"sow-slider-pagination\">\n\t\t\t\t\t\t\t\t\t\t\t<li><a href=\"#\" data-goto=\"0\" aria-label=\"display slide 1\"><\/a><\/li>\n\t\t\t\t\t\t\t\t\t<\/ol>\n\n\t\t\t\t<div class=\"sow-slide-nav sow-slide-nav-next\">\n\t\t\t\t\t<a href=\"#\" data-goto=\"next\" aria-label=\"next slide\" data-action=\"next\">\n\t\t\t\t\t\t<em class=\"sow-sld-icon-thin-right\"><\/em>\n\t\t\t\t\t<\/a>\n\t\t\t\t<\/div>\n\n\t\t\t\t<div class=\"sow-slide-nav sow-slide-nav-prev\">\n\t\t\t\t\t<a href=\"#\" data-goto=\"previous\" aria-label=\"previous slide\" data-action=\"prev\">\n\t\t\t\t\t\t<em class=\"sow-sld-icon-thin-left\"><\/em>\n\t\t\t\t\t<\/a>\n\t\t\t\t<\/div>\n\t\t\t\t<\/div><\/div><\/div><\/div><\/div><\/div><div id=\"pg-35-1\"  class=\"panel-grid panel-has-style\" ><div class=\"siteorigin-panels-stretch panel-row-style panel-row-style-for-35-1\" data-stretch-type=\"full\" ><div id=\"pgc-35-1-0\"  class=\"panel-grid-cell\" ><div id=\"panel-35-1-0-0\" class=\"so-panel widget widget_sow-editor panel-first-child panel-last-child\" data-index=\"1\" ><div\n\t\t\t\n\t\t\tclass=\"so-widget-sow-editor so-widget-sow-editor-base\"\n\t\t\t\n\t\t>\n<div class=\"siteorigin-widget-tinymce textwidget\">\n\t<h4 style=\"text-align: center;\"><strong>Pr\u00e4sident: Gregory Robinson<\/strong><br \/>\n<strong>Vizepr\u00e4sidentin: Tanja Lanz<\/strong><br \/>\n<strong>Sekret\u00e4r: Ralph Huber<\/strong><br \/>\n<strong>Kassier: Matthias Wegm\u00fcller<\/strong><br \/>\n<strong>Beisitzerin: Ivana Weber<\/strong><\/h4>\n<h3><\/h3>\n<h3 style=\"text-align: center;\">Sie k\u00f6nnen uns \u00fcber das <a href=\"http:\/\/dorftreff-hagneck.ch\/wordpress\/kontakt\/\">Kontaktformular<\/a> erreichen<\/h3>\n<\/div>\n<\/div><\/div><\/div><\/div><\/div><\/div>","protected":false},"excerpt":{"rendered":"<p>Pr\u00e4sident: Gregory Robinson Vizepr\u00e4sidentin: Tanja Lanz Sekret\u00e4r: Ralph Huber Kassier: Matthias Wegm\u00fcller Beisitzerin: Ivana Weber Sie k\u00f6nnen uns \u00fcber das Kontaktformular erreichen<\/p>\n","protected":false},"author":1,"featured_media":0,"parent":0,"menu_order":0,"comment_status":"closed","ping_status":"closed","template":"","meta":{"jetpack_post_was_ever_published":false,"footnotes":""},"class_list":["post-35","page","type-page","status-publish","hentry","post"],"jetpack_sharing_enabled":true,"jetpack_shortlink":"https:\/\/wp.me\/P86b7Z-z","_links":{"self":[{"href":"https:\/\/dorftreff-hagneck.ch\/wordpress\/wp-json\/wp\/v2\/pages\/35"}],"collection":[{"href":"https:\/\/dorftreff-hagneck.ch\/wordpress\/wp-json\/wp\/v2\/pages"}],"about":[{"href":"https:\/\/dorftreff-hagneck.ch\/wordpress\/wp-json\/wp\/v2\/types\/page"}],"author":[{"embeddable":true,"href":"https:\/\/dorftreff-hagneck.ch\/wordpress\/wp-json\/wp\/v2\/users\/1"}],"replies":[{"embeddable":true,"href":"https:\/\/dorftreff-hagneck.ch\/wordpress\/wp-json\/wp\/v2\/comments?post=35"}],"version-history":[{"count":9,"href":"https:\/\/dorftreff-hagneck.ch\/wordpress\/wp-json\/wp\/v2\/pages\/35\/revisions"}],"predecessor-version":[{"id":664,"href":"https:\/\/dorftreff-hagneck.ch\/wordpress\/wp-json\/wp\/v2\/pages\/35\/revisions\/664"}],"wp:attachment":[{"href":"https:\/\/dorftreff-hagneck.ch\/wordpress\/wp-json\/wp\/v2\/media?parent=35"}],"curies":[{"name":"wp","href":"https:\/\/api.w.org\/{rel}","templated":true}]}}